{"id":89,"date":"2016-04-26T10:32:31","date_gmt":"2016-04-26T10:32:31","guid":{"rendered":"http:\/\/cspfiaes.pt\/?page_id=89"},"modified":"2025-06-03T10:57:27","modified_gmt":"2025-06-03T10:57:27","slug":"demonstracoes-financeiras","status":"publish","type":"page","link":"https:\/\/cspfiaes.pt\/?page_id=89","title":{"rendered":"Demonstra\u00e7\u00f5es Financeiras"},"content":{"rendered":"\n<div class=\"wp-block-group\"><div class=\"wp-block-group__inner-container\">\n<div class=\"wp-block-group\"><div class=\"wp-block-group__inner-container\">\n<div class=\"wp-block-group\"><div class=\"wp-block-group__inner-container\">\n<div class=\"wp-block-group\"><div class=\"wp-block-group__inner-container\">\n<h2 style=\"text-align: center;\">\u00a0<\/h2>\n<p>\u00a0\u00a0<img loading=\"lazy\" class=\"wp-image-1714 aligncenter\" src=\"https:\/\/cspfiaes.pt\/wp-content\/uploads\/2025\/06\/6c750d_d7614193b1de41e0836ace03d338f293mv2-300x170.png\" alt=\"\" width=\"612\" height=\"347\" srcset=\"https:\/\/cspfiaes.pt\/wp-content\/uploads\/2025\/06\/6c750d_d7614193b1de41e0836ace03d338f293mv2-300x170.png 300w, https:\/\/cspfiaes.pt\/wp-content\/uploads\/2025\/06\/6c750d_d7614193b1de41e0836ace03d338f293mv2-768x435.png 768w, https:\/\/cspfiaes.pt\/wp-content\/uploads\/2025\/06\/6c750d_d7614193b1de41e0836ace03d338f293mv2.png 1000w\" sizes=\"(max-width: 612px) 100vw, 612px\" \/><\/p>\n<p>\u00a0<\/p>\n<p>\u00a0<\/p>\n<p><!--more--><\/p>\n<h2 style=\"text-align: center;\"><strong>2024<\/strong><\/h2>\n<h3 style=\"text-align: center;\"><a href=\"https:\/\/cspfiaes.pt\/wp-content\/uploads\/2025\/06\/Relato\u0301rio-de-Contas-2024.pdf\">Relato\u0301rio de Contas 2024<\/a><\/h3>\n<h3 style=\"text-align: center;\"><a href=\"https:\/\/cspfiaes.pt\/wp-content\/uploads\/2025\/06\/Demostrac\u0327a\u0303o-dos-Fluxos-de-Caixa-2024.pdf\">Demostrac\u0327a\u0303o dos Fluxos de Caixa 2024<\/a><\/h3>\n<h3 style=\"text-align: center;\"><a href=\"https:\/\/cspfiaes.pt\/wp-content\/uploads\/2025\/06\/Demostrac\u0327o\u0303es-dos-Resultados-por-Naturezas-2024.pdf\">Demostrac\u0327o\u0303es dos Resultados por Naturezas 2024<\/a><\/h3>\n<h3 style=\"text-align: center;\"><a href=\"https:\/\/cspfiaes.pt\/wp-content\/uploads\/2025\/06\/Balanc\u0327o-2024.pdf\">Balanc\u0327o 2024<\/a><\/h3>\n<h3 style=\"text-align: center;\"><a href=\"https:\/\/cspfiaes.pt\/wp-content\/uploads\/2025\/06\/Demostrac\u0327o\u0303es-das-Alterac\u0327o\u0303es-nos-Fundos-Patrimoniais-2024.pdf\">Demostrac\u0327o\u0303es das Alterac\u0327o\u0303es nos Fundos Patrimoniais 2024<\/a><\/h3>\n<h3 style=\"text-align: center;\"><a href=\"https:\/\/cspfiaes.pt\/wp-content\/uploads\/2025\/06\/Anexo-2024.pdf\">Anexo 2024<\/a><\/h3>\n<p>\u00a0<\/p>\n<p><!--more--><\/p>\n<h2 style=\"text-align: center;\"><strong>2023<\/strong><\/h2>\n<h3 style=\"text-align: center;\"><a href=\"https:\/\/cspfiaes.pt\/wp-content\/uploads\/2024\/05\/Relatorio-de-Contas-2023.pdf\">Relat\u00f3rio de Contas 2023<\/a><\/h3>\n<h3 style=\"text-align: center;\"><a href=\"https:\/\/cspfiaes.pt\/wp-content\/uploads\/2024\/05\/Demostrac\u0327a\u0303o-dos-Fluxos-de-Caixa-2023.pdf\">Demostrac\u0327a\u0303o dos Fluxos de Caixa 2023<\/a><\/h3>\n<h3 style=\"text-align: center;\"><a href=\"https:\/\/cspfiaes.pt\/wp-content\/uploads\/2024\/05\/Demostrac\u0327a\u0303o-dos-Resultados-por-Natureza-2023.pdf\">Demostrac\u0327a\u0303o dos Resultados por Natureza 2023<\/a><\/h3>\n<h3 style=\"text-align: center;\"><a href=\"https:\/\/cspfiaes.pt\/wp-content\/uploads\/2024\/05\/Balanc\u0327o-2023.pdf\">Balanc\u0327o 2023<\/a><\/h3>\n<h3 style=\"text-align: center;\"><a href=\"https:\/\/cspfiaes.pt\/wp-content\/uploads\/2024\/05\/Demostrac\u0327a\u0303o-das-Alterac\u0327o\u0303es-nos-Fundos-Patrimoniais-2023.pdf\">Demostrac\u0327a\u0303o das Alterac\u0327o\u0303es nos Fundos Patrimoniais 2023<\/a><\/h3>\n<h3 style=\"text-align: center;\"><a href=\"https:\/\/cspfiaes.pt\/wp-content\/uploads\/2024\/05\/Anexo-2023_compressed.pdf\">Anexo 2023<\/a><\/h3>\n<p>\u00a0<\/p>\n<h2 style=\"text-align: center;\"><!--more--><\/h2>\n<h2 style=\"text-align: center;\"><strong style=\"font-size: revert; color: initial;\">2022<\/strong><\/h2>\n<h3 style=\"text-align: center;\"><a href=\"https:\/\/cspfiaes.pt\/wp-content\/uploads\/2023\/05\/relatorio-2022.pdf\">Relat\u00f3rio de Contas 2022<\/a><\/h3>\n<h3 style=\"text-align: center;\"><a href=\"https:\/\/cspfiaes.pt\/wp-content\/uploads\/2023\/05\/Demostrac\u0327a\u0303o-dos-Fluxos-de-Caixa-2022.pdf\">Demostrac\u0327a\u0303o dos Fluxos de Caixa 2022<\/a><\/h3>\n<h3 style=\"text-align: center;\"><a href=\"https:\/\/cspfiaes.pt\/wp-content\/uploads\/2023\/05\/Demostrac\u0327a\u0303o-dos-Resultados-por-Naturezas-2022.pdf\">Demostrac\u0327a\u0303o dos Resultados por Natureza 2022<\/a><\/h3>\n<h3 style=\"text-align: center;\"><a href=\"https:\/\/cspfiaes.pt\/wp-content\/uploads\/2023\/05\/Balanc\u0327o-2022.pdf\">Balanc\u0327o 2022<\/a><\/h3>\n<h3 style=\"text-align: center;\"><a href=\"https:\/\/cspfiaes.pt\/wp-content\/uploads\/2023\/05\/Demostrac\u0327a\u0303o-das-Alterac\u0327o\u0303es-nos-Fundos-Patrimoniais-2022.pdf\">Demostrac\u0327a\u0303o das Alterac\u0327o\u0303es nos Fundos Patrimoniais 2022<\/a><\/h3>\n<h3 style=\"text-align: center;\"><a href=\"https:\/\/cspfiaes.pt\/wp-content\/uploads\/2023\/05\/Anexo-do-ano-de-2022.zip\">Anexo 2022<\/a><\/h3>\n<p>\u00a0<\/p>\n<h2 style=\"text-align: center;\"><strong>2021<\/strong><\/h2>\n<h3 style=\"text-align: center;\"><a href=\"\/Users\/Fi%C3%A3es\/Desktop\/Centro%20Fi%C3%A3es\/Contabilidade\/Demostra%C3%A7%C3%B5es%20Financeiras\/2021\/Relat%C3%B3rio%20de%20Gest%C3%A3o%202021.pdf\" target=\"_blank\" rel=\"noopener\">Relat\u00f3rio de Gest\u00e3o 2021<\/a><\/h3>\n<h3 style=\"text-align: center;\"><a href=\"\/Users\/Fi%C3%A3es\/Desktop\/Centro%20Fi%C3%A3es\/Contabilidade\/Demostra%C3%A7%C3%B5es%20Financeiras\/2021\/Demostra%C3%A7%C3%A3o%20de%20Resultados%20por%20Natureza%202021.pdf\" target=\"_blank\" rel=\"noopener\">Demostra\u00e7\u00e3o de Resultados por Natureza 2021<\/a><\/h3>\n<h3 style=\"text-align: center;\"><a href=\"\/Users\/Fi%C3%A3es\/Desktop\/Centro%20Fi%C3%A3es\/Contabilidade\/Demostra%C3%A7%C3%B5es%20Financeiras\/2021\/Balan%C3%A7o%202021.pdf\" target=\"_blank\" rel=\"noopener\">Balan\u00e7o 2021<\/a><\/h3>\n<h3 style=\"text-align: center;\"><a href=\"\/Users\/Fi%C3%A3es\/Desktop\/Centro%20Fi%C3%A3es\/Contabilidade\/Demostra%C3%A7%C3%B5es%20Financeiras\/2021\/Demostra%C3%A7%C3%A3o%20das%20Altera%C3%A7%C3%B5es%20nos%20Fundos%20Patrimoniais%202021.pdf\" target=\"_blank\" rel=\"noopener\">Demostra\u00e7\u00e3o das Altera\u00e7\u00f5es nos Fundos Patrimoniais 2021<\/a><\/h3>\n<h3 style=\"text-align: center;\"><a href=\"\/Users\/Fi%C3%A3es\/Desktop\/Centro%20Fi%C3%A3es\/Contabilidade\/Demostra%C3%A7%C3%B5es%20Financeiras\/2021\/Relatorio%20de%20contas%202021.pdf\" target=\"_blank\" rel=\"noopener\">Relat\u00f3rio de Contas 2021<\/a><\/h3>\n<h3 style=\"text-align: center;\"><a href=\"\/Users\/Fi%C3%A3es\/Desktop\/Centro%20Fi%C3%A3es\/Contabilidade\/Demostra%C3%A7%C3%B5es%20Financeiras\/2021\/Anexo%20do%20Ano%20de%202021.pdf\" target=\"_blank\" rel=\"noopener\">Anexo 2021<\/a><\/h3>\n<p>\u00a0<\/p>\n<h2 style=\"text-align: center;\"><strong>2020<\/strong><\/h2>\n<h3 style=\"text-align: center;\"><a href=\"\/Users\/Fi%C3%A3es\/Desktop\/Centro%20Fi%C3%A3es\/Contabilidade\/Demostra%C3%A7%C3%B5es%20Financeiras\/2020\/RelGestao_Texto%202020.pdf\" target=\"_blank\" rel=\"noopener\">Relat\u00f3rio de Gest\u00e3o 2020<\/a><strong><br \/><\/strong><\/h3>\n<h3 style=\"text-align: center;\"><a href=\"\/Users\/Fi%C3%A3es\/Desktop\/Centro%20Fi%C3%A3es\/Contabilidade\/Demostra%C3%A7%C3%B5es%20Financeiras\/2020\/Defir_DR%202020.pdf\" target=\"_blank\" rel=\"noopener\">Demostra\u00e7\u00e3o de Resultados 2020<\/a><\/h3>\n<h3 style=\"text-align: center;\"><a href=\"\/Users\/Fi%C3%A3es\/Desktop\/Centro%20Fi%C3%A3es\/Contabilidade\/Demostra%C3%A7%C3%B5es%20Financeiras\/2020\/Defir_Balancos%202020.pdf\" target=\"_blank\" rel=\"noopener\">Balan\u00e7o 2020<\/a><\/h3>\n<h3 style=\"text-align: center;\"><a href=\"\/Users\/Fi%C3%A3es\/Desktop\/Centro%20Fi%C3%A3es\/Contabilidade\/Demostra%C3%A7%C3%B5es%20Financeiras\/2020\/Anexo_DFs%202020.pdf\" target=\"_blank\" rel=\"noopener\">Anexo 2020<\/a><\/h3>\n<h3 style=\"text-align: center;\"><a href=\"\/Users\/Fi%C3%A3es\/Desktop\/Centro%20Fi%C3%A3es\/Contabilidade\/Demostra%C3%A7%C3%B5es%20Financeiras\/2020\/Relatorio%20contas%202020.pdf\" target=\"_blank\" rel=\"noopener\">Relat\u00f3rio de Contas 2020<\/a><\/h3>\n<p>\u00a0<\/p>\n<h2 style=\"text-align: center;\"><strong>2019<\/strong><\/h2>\n<h3 style=\"text-align: center;\"><a href=\"https:\/\/cspfiaes.pt\/wp-content\/uploads\/2020\/11\/Relatorio-de-Gestao-de-2019.pdf\">Relat\u00f3rio de Gest\u00e3o 2019<\/a><\/h3>\n<h3 style=\"text-align: center;\"><a href=\"https:\/\/cspfiaes.pt\/wp-content\/uploads\/2016\/04\/Demonstra\u00e7\u00e3o-Resultados-2019.jpg\">Demonstra\u00e7\u00e3o de Resultados 2019<\/a><\/h3>\n<h3 style=\"text-align: center;\">\u00a0<a href=\"https:\/\/cspfiaes.pt\/wp-content\/uploads\/2016\/04\/Balan\u00e7o-2019.jpg\">Balan\u00e7o 2019<\/a><\/h3>\n<h3 style=\"text-align: center;\">\u00a0<a href=\"https:\/\/cspfiaes.pt\/wp-content\/uploads\/2016\/04\/Demonstra\u00e7\u00e3o-das-Altera\u00e7\u00f5es-nos-Fundos-Patrimoniais-2019.pdf\">Demonstra\u00e7\u00e3o das Altera\u00e7\u00f5es nos Fundos Patrimoniais 2019<\/a><\/h3>\n<h3 style=\"text-align: center;\"><a href=\"https:\/\/cspfiaes.pt\/wp-content\/uploads\/2016\/04\/Fluxo-de-Caixa-2019.jpg\">Fluxo de Caixa 2019<\/a><\/h3>\n<h3 style=\"text-align: center;\"><a tabindex=\"-1\" href=\"https:\/\/cspfiaes.pt\/wp-content\/uploads\/2016\/04\/Demostra%C3%A7%C3%B5es-Financeiras-2019.pdf\" target=\"_blank\" rel=\"noopener noreferrer\">Demonstra\u00e7\u00f5es Financeiras 2019<\/a><\/h3>\n<h2 style=\"text-align: center;\">\u00a0<\/h2>\n<p>\u00a0<\/p>\n<h2 style=\"text-align: center;\"><strong>2018<\/strong><\/h2>\n<h3 style=\"text-align: center;\"><a href=\"https:\/\/cspfiaes.pt\/wp-content\/uploads\/2016\/04\/Imagem-9.jpg\">Demonstra\u00e7\u00e3o de Resultados 2018<\/a><\/h3>\n<h3 style=\"text-align: center;\"><a href=\"https:\/\/cspfiaes.pt\/wp-content\/uploads\/2020\/06\/Imagem-10.jpg\">Balan\u00e7o 2018<\/a><\/h3>\n<h3 style=\"text-align: center;\"><a href=\"https:\/\/cspfiaes.pt\/wp-content\/uploads\/2016\/04\/Imagem-11.jpg\">Demonstra\u00e7\u00e3o das Altera\u00e7\u00f5es nos Fundos Patrimoniais 2018<\/a><\/h3>\n<h3 style=\"text-align: center;\"><a href=\"https:\/\/cspfiaes.pt\/wp-content\/uploads\/2016\/04\/Imagem-9.jpg\">Fluxos de caixa 2018<\/a><\/h3>\n<h3 style=\"text-align: center;\"><a href=\"https:\/\/cspfiaes.pt\/wp-content\/uploads\/2016\/04\/Demonstra\u00e7\u00f5es-Financeiras-2018.pdf\">Demonstra\u00e7\u00f5es Financeiras 2018<\/a><\/h3>\n<h2 style=\"text-align: center;\">\u00a0<\/h2>\n<p>\u00a0<\/p>\n<h2 style=\"text-align: center;\"><strong>2017<\/strong><\/h2>\n<h3 style=\"text-align: center;\"><a href=\"https:\/\/cspfiaes.pt\/wp-content\/uploads\/2016\/04\/Demonstra\u00e7\u00e3o-Resultados-2017.pdf\">Demonstra\u00e7\u00e3o de Resultados 2017<\/a><\/h3>\n<h3 style=\"text-align: center;\"><a href=\"https:\/\/cspfiaes.pt\/wp-content\/uploads\/2016\/04\/Balan\u00e7o-2017.pdf\">Balan\u00e7o 2017<\/a><\/h3>\n<h3 style=\"text-align: center;\"><a href=\"https:\/\/cspfiaes.pt\/wp-content\/uploads\/2016\/04\/Fluxo-de-Caixa-2017.pdf\">Fluxo de Caixa 2017<\/a><\/h3>\n<h3 style=\"text-align: center;\"><a href=\"https:\/\/cspfiaes.pt\/wp-content\/uploads\/2016\/04\/Demostra\u00e7\u00f5es-Financeiras-2017.pdf\">Demonstra\u00e7\u00f5es Financeiras 2017<\/a><\/h3>\n<p>\u00a0<\/p>\n<h2 style=\"text-align: center;\"><strong>2<\/strong><strong>016<\/strong><\/h2>\n<h3 style=\"text-align: center;\"><a href=\"https:\/\/cspfiaes.pt\/wp-content\/uploads\/2016\/04\/Demonstra\u00e7\u00e3o-Resultados-2016.pdf\">Demonstra\u00e7\u00e3o de Resultados 2016<\/a><\/h3>\n<h3 style=\"text-align: center;\"><a href=\"https:\/\/cspfiaes.pt\/wp-content\/uploads\/2016\/04\/Balan\u00e7o-2016.pdf\">Balan\u00e7o 2016<\/a><\/h3>\n<h3 style=\"text-align: center;\"><a href=\"https:\/\/cspfiaes.pt\/wp-content\/uploads\/2016\/04\/Fluxo-de-Caixa-2016.pdf\">Fluxo de Caixa 2016<\/a><\/h3>\n<h3 style=\"text-align: center;\"><a href=\"https:\/\/cspfiaes.pt\/wp-content\/uploads\/2016\/04\/Demostra\u00e7\u00f5es-Financeiras-2016.pdf\">Demonstra\u00e7\u00f5es Financeiras 2016<\/a><\/h3>\n<p>\u00a0<\/p>\n<h2 style=\"text-align: center;\"><strong>2015<\/strong><\/h2>\n<h3 style=\"text-align: center;\"><a href=\"https:\/\/cspfiaes.pt\/wp-content\/uploads\/2016\/04\/Demonstra\u00e7\u00e3o-Resultados-2015.pdf\">Demonstra\u00e7\u00e3o de Resultados 2015<\/a><\/h3>\n<h3 style=\"text-align: center;\"><a href=\"https:\/\/cspfiaes.pt\/wp-content\/uploads\/2016\/04\/Balan\u00e7o-2015.pdf\">Balan\u00e7o 2015<\/a><\/h3>\n<h3 style=\"text-align: center;\"><a href=\"https:\/\/cspfiaes.pt\/wp-content\/uploads\/2016\/04\/Fluxo-de-Caixa-2015.pdf\">Fluxo de Caixa 2015<\/a><\/h3>\n<h3 style=\"text-align: center;\"><a href=\"https:\/\/cspfiaes.pt\/wp-content\/uploads\/2016\/04\/Demostra\u00e7\u00f5es-Financeiras-2015.pdf\">Demonstra\u00e7\u00f5es Financeiras 2015<\/a><\/h3>\n<h2>\u00a0<\/h2>\n<h2 style=\"text-align: center;\"><strong>2014<\/strong><\/h2>\n<h3 style=\"text-align: center;\"><a href=\"https:\/\/cspfiaes.pt\/?p=1337\">Demonstra\u00e7\u00e3o de Resultados 2014<\/a><\/h3>\n<h3 style=\"text-align: center;\"><a href=\"https:\/\/cspfiaes.pt\/wp-content\/uploads\/2016\/04\/Balan\u00e7o-2014.pdf\">Balan\u00e7o 2014<\/a><\/h3>\n<h3 style=\"text-align: center;\"><a href=\"https:\/\/cspfiaes.pt\/wp-content\/uploads\/2016\/04\/Fluxo-de-Caixa-2014.pdf\">Fluxo de Caixa 2014<\/a><\/h3>\n<h3 style=\"text-align: center;\"><a href=\"https:\/\/cspfiaes.pt\/wp-content\/uploads\/2016\/04\/Demostra\u00e7\u00f5es-Financeiras-2014.pdf\">Demonstra\u00e7\u00f5es Financeiras 2014<\/a><\/h3>\n<h2>\u00a0<\/h2>\n<h2 style=\"text-align: center;\"><strong>2013<\/strong><\/h2>\n<h3 style=\"text-align: center;\"><a href=\"https:\/\/cspfiaes.pt\/wp-content\/uploads\/2016\/04\/Demonstra\u00e7\u00e3o-Resultados-2013.pdf\">Demonstra\u00e7\u00e3o de Resultados 2013<\/a><\/h3>\n<h3 style=\"text-align: center;\"><a href=\"https:\/\/cspfiaes.pt\/wp-content\/uploads\/2016\/04\/Balan\u00e7o-2013.pdf\">Balan\u00e7o 2013<\/a><\/h3>\n<h3 style=\"text-align: center;\"><a href=\"https:\/\/cspfiaes.pt\/wp-content\/uploads\/2016\/04\/Fluxo-de-Caixa-2013.pdf\">Fluxo de Caixa 2013<\/a><\/h3>\n<h3 style=\"text-align: center;\"><a href=\"https:\/\/cspfiaes.pt\/wp-content\/uploads\/2016\/04\/Demostra\u00e7\u00f5es-Financeiras-2013.pdf\">Demonstra\u00e7\u00f5es Financeiras 2013<\/a><\/h3>\n<\/div><\/div>\n<\/div><\/div>\n<\/div><\/div>\n<\/div><\/div>\n\n\n\n<p><\/p>\n","protected":false},"excerpt":{"rendered":"<p>\u00a0 \u00a0\u00a0 \u00a0 \u00a0 \u00a0 \u00a0\u00a0 \u00a0 \u00a0 \u00a0 \u00a0\u00a0 \u00a0 \u00a0 \u00a0 \u00a0\u00a0 \u00a0 \u00a0 \u00a0 \u00a0\u00a0 \u00a0 \u00a0 \u00a0 \u00a0\u00a0 \u00a0 \u00a0 \u00a0 \u00a0\u00a0 \u00a0 \u00a0 \u00a0 \u00a0\u00a0 \u00a0 \u00a0 \u00a0 \u00a0\u00a0 \u00a0 \u00a0 \u00a0 \u00a0\u00a0 \u00a0 \u00a0 \u00a0 \u00a0\u00a0 \u00a0 \u00a0 \u00a0 \u00a0\u00a0 \u00a0 \u00a0 \u00a0 \u00a0\u00a0 \u00a0 \u00a0 \u00a0 \u00a0\u00a0 \u00a0 [&hellip;]<\/p>\n","protected":false},"author":2,"featured_media":0,"parent":0,"menu_order":0,"comment_status":"closed","ping_status":"closed","template":"","meta":[],"_links":{"self":[{"href":"https:\/\/cspfiaes.pt\/index.php?rest_route=\/wp\/v2\/pages\/89"}],"collection":[{"href":"https:\/\/cspfiaes.pt\/index.php?rest_route=\/wp\/v2\/pages"}],"about":[{"href":"https:\/\/cspfiaes.pt\/index.php?rest_route=\/wp\/v2\/types\/page"}],"author":[{"embeddable":true,"href":"https:\/\/cspfiaes.pt\/index.php?rest_route=\/wp\/v2\/users\/2"}],"replies":[{"embeddable":true,"href":"https:\/\/cspfiaes.pt\/index.php?rest_route=%2Fwp%2Fv2%2Fcomments&post=89"}],"version-history":[{"count":22,"href":"https:\/\/cspfiaes.pt\/index.php?rest_route=\/wp\/v2\/pages\/89\/revisions"}],"predecessor-version":[{"id":1718,"href":"https:\/\/cspfiaes.pt\/index.php?rest_route=\/wp\/v2\/pages\/89\/revisions\/1718"}],"wp:attachment":[{"href":"https:\/\/cspfiaes.pt\/index.php?rest_route=%2Fwp%2Fv2%2Fmedia&parent=89"}],"curies":[{"name":"wp","href":"https:\/\/api.w.org\/{rel}","templated":true}]}}