{"id":22,"date":"2016-01-20T22:42:07","date_gmt":"2016-01-20T22:42:07","guid":{"rendered":"http:\/\/cspfiaes.pt\/?page_id=22"},"modified":"2025-10-22T15:30:53","modified_gmt":"2025-10-22T15:30:53","slug":"servico-de-apoio-domiciliario","status":"publish","type":"page","link":"https:\/\/cspfiaes.pt\/?page_id=22","title":{"rendered":"Servi\u00e7o de Apoio Domicili\u00e1rio"},"content":{"rendered":"<p><img loading=\"lazy\" class=\"wp-image-17 aligncenter\" src=\"https:\/\/cspfiaes.pt\/wp-content\/uploads\/2016\/01\/DSC00825-300x199.jpg\" alt=\"\" width=\"606\" height=\"402\" srcset=\"https:\/\/cspfiaes.pt\/wp-content\/uploads\/2016\/01\/DSC00825-300x199.jpg 300w, https:\/\/cspfiaes.pt\/wp-content\/uploads\/2016\/01\/DSC00825-768x510.jpg 768w, https:\/\/cspfiaes.pt\/wp-content\/uploads\/2016\/01\/DSC00825-1024x680.jpg 1024w, https:\/\/cspfiaes.pt\/wp-content\/uploads\/2016\/01\/DSC00825.jpg 1600w\" sizes=\"(max-width: 606px) 100vw, 606px\" \/><\/p>\n<p>O <strong>Servi\u00e7o de Apoio Domicili\u00e1rio<\/strong> \u00e9 uma Resposta Social que consiste na presta\u00e7\u00e3o de cuidados e servi\u00e7os a fam\u00edlias e ou pessoas que se encontrem no seu domic\u00edlio, em situa\u00e7\u00e3o de depend\u00eancia f\u00edsica e ou ps\u00edquica e que n\u00e3o possam assegurar, tempor\u00e1ria ou permanentemente, a satisfa\u00e7\u00e3o das suas necessidades b\u00e1sicas e ou a realiza\u00e7\u00e3o das atividades instrumentais da vida di\u00e1ria, nem disponham de apoio familiar para o efeito.<\/p>\n<h3><strong>Objetivos:<\/strong><\/h3>\n<ol>\n<li>Contribuir para a melhoria da qualidade de vida dos clientes e fam\u00edlia;<\/li>\n<li>Contribuir para a concilia\u00e7\u00e3o da vida familiar e profissional do agregado familiar;<\/li>\n<li>Contribuir para a perman\u00eancia das pessoas no seu meio habitual de vida, retardando ou evitando o recurso a estruturas residenciais;<\/li>\n<li>Promover estrat\u00e9gias de desenvolvimento da autonomia;<\/li>\n<li>Prestar os cuidados e servi\u00e7os adequados \u00e0s necessidades dos clientes (mediante contratualiza\u00e7\u00e3o);<\/li>\n<li>Facilitar o acesso a servi\u00e7os da comunidade;<\/li>\n<li>Refor\u00e7ar as compet\u00eancias e capacidades da fam\u00edlia e\/ou dos cuidadores.<\/li>\n<\/ol>\n<h3><strong>Servi\u00e7os prestados:<\/strong><\/h3>\n<ol>\n<li>Fornecimento e apoio nas refei\u00e7\u00f5es, respeitando as dietas com prescri\u00e7\u00e3o m\u00e9dica;<\/li>\n<li>Apoio a desloca\u00e7\u00f5es m\u00e9dicas e exames;<\/li>\n<li>Apoio\/ acompanhamento psicossocial;<\/li>\n<li>Cuidados de higiene e conforto pessoal;<\/li>\n<li>Higiene habitacional, estritamente necess\u00e1ria \u00e0 natureza dos cuidados prestados;<\/li>\n<li>Tratamento da roupa do uso pessoal do cliente;<\/li>\n<li>Atividades de anima\u00e7\u00e3o e socializa\u00e7\u00e3o, designadamente, anima\u00e7\u00e3o, lazer, cultura, aquisi\u00e7\u00e3o de bens e g\u00e9neros aliment\u00edcios, pagamento de servi\u00e7os, desloca\u00e7\u00e3o a entidades da comunidade.<\/li>\n<\/ol>\n","protected":false},"excerpt":{"rendered":"<p>O Servi\u00e7o de Apoio Domicili\u00e1rio \u00e9 uma Resposta Social que consiste na presta\u00e7\u00e3o de cuidados e servi\u00e7os a fam\u00edlias e ou pessoas que se encontrem no seu domic\u00edlio, em situa\u00e7\u00e3o de depend\u00eancia f\u00edsica e ou ps\u00edquica e que n\u00e3o possam assegurar, tempor\u00e1ria ou permanentemente, a satisfa\u00e7\u00e3o das suas necessidades b\u00e1sicas e ou a realiza\u00e7\u00e3o das [&hellip;]<\/p>\n","protected":false},"author":3,"featured_media":0,"parent":0,"menu_order":0,"comment_status":"closed","ping_status":"closed","template":"","meta":[],"_links":{"self":[{"href":"https:\/\/cspfiaes.pt\/index.php?rest_route=\/wp\/v2\/pages\/22"}],"collection":[{"href":"https:\/\/cspfiaes.pt\/index.php?rest_route=\/wp\/v2\/pages"}],"about":[{"href":"https:\/\/cspfiaes.pt\/index.php?rest_route=\/wp\/v2\/types\/page"}],"author":[{"embeddable":true,"href":"https:\/\/cspfiaes.pt\/index.php?rest_route=\/wp\/v2\/users\/3"}],"replies":[{"embeddable":true,"href":"https:\/\/cspfiaes.pt\/index.php?rest_route=%2Fwp%2Fv2%2Fcomments&post=22"}],"version-history":[{"count":1,"href":"https:\/\/cspfiaes.pt\/index.php?rest_route=\/wp\/v2\/pages\/22\/revisions"}],"predecessor-version":[{"id":1546,"href":"https:\/\/cspfiaes.pt\/index.php?rest_route=\/wp\/v2\/pages\/22\/revisions\/1546"}],"wp:attachment":[{"href":"https:\/\/cspfiaes.pt\/index.php?rest_route=%2Fwp%2Fv2%2Fmedia&parent=22"}],"curies":[{"name":"wp","href":"https:\/\/api.w.org\/{rel}","templated":true}]}}